{"id":9222,"date":"2025-12-01T12:21:07","date_gmt":"2025-12-01T12:21:07","guid":{"rendered":"https:\/\/pthproducts.com\/?page_id=9222"},"modified":"2026-03-09T08:30:34","modified_gmt":"2026-03-09T08:30:34","slug":"grader","status":"publish","type":"page","link":"https:\/\/pthproducts.com\/fr\/niveleuse\/","title":{"rendered":"Niveleuse PTH \u00e0 montage avant et arri\u00e8re"},"content":{"rendered":"\t\t<div data-elementor-type=\"wp-page\" data-elementor-id=\"9222\" class=\"elementor elementor-9222\" data-elementor-post-type=\"page\">\n\t\t\t\t<div class=\"elementor-element elementor-element-e2d7585 e-con-full e-flex e-con e-parent\" data-id=\"e2d7585\" data-element_type=\"container\" data-e-type=\"container\">\n\t\t<div class=\"elementor-element elementor-element-932904e e-con-full e-flex e-con e-child\" data-id=\"932904e\" data-element_type=\"container\" data-e-type=\"container\" data-settings=\"{&quot;animation&quot;:&quot;none&quot;,&quot;animation_delay&quot;:300,&quot;background_background&quot;:&quot;classic&quot;}\">\n\t\t\t\t<div class=\"elementor-element elementor-element-4cee199 elementor-widget elementor-widget-heading\" data-id=\"4cee199\" data-element_type=\"widget\" data-e-type=\"widget\" data-widget_type=\"heading.default\">\n\t\t\t\t<div class=\"elementor-widget-container\">\n\t\t\t\t\t<h2 class=\"elementor-heading-title elementor-size-default\">PTH Grader im <br>Front- und Heckanbau<\/h2>\t\t\t\t<\/div>\n\t\t\t\t<\/div>\n\t\t<div class=\"elementor-element elementor-element-6d19522 e-flex e-con-boxed e-con e-child\" data-id=\"6d19522\" data-element_type=\"container\" data-e-type=\"container\" data-settings=\"{&quot;background_background&quot;:&quot;classic&quot;}\">\n\t\t\t\t\t<div class=\"e-con-inner\">\n\t\t\t\t<div class=\"elementor-element elementor-element-ab08811 elementor-widget elementor-widget-text-editor\" data-id=\"ab08811\" data-element_type=\"widget\" data-e-type=\"widget\" data-settings=\"{&quot;_animation&quot;:&quot;none&quot;}\" data-widget_type=\"text-editor.default\">\n\t\t\t\t<div class=\"elementor-widget-container\">\n\t\t\t\t\t\t\t\t\t<p>PTH Grader sind Anbauger\u00e4te f\u00fcr den Bau, die Pflege und Sanierung von Stra\u00dfen &amp; Wegen, Fl\u00e4chen, &#8230;<br \/>Sie dienen zum Herstellen eines exakten Stra\u00dfen- und Wegeprofils bzw. Angleichen und Nivellieren von Fl\u00e4chen. PTH Grader zeichnen sich durch hohe Flexibilit\u00e4t,\u00a0 Wendigkeit und exakte Ergebnisse aus.\u00a0\u00a0<\/p><p>\u00a0Je nach Tr\u00e4gerger\u00e4t sind PTH Grader im Front- und Heckanbau erh\u00e4ltlich.<\/p><p>Das Modell im Frontanbau besticht durch die Funktionen und Vorteile\u00a0 eines Motorgraders.<\/p><p>PTH Grader sind f\u00fcr h\u00e4rteste Eins\u00e4tze und schweres Gel\u00e4nde konzipiert. Je nach Modell sind sie spezialisiert f\u00fcr den Einsatz im Forst, in der Landwirtschaft, im Stra\u00dfenbau und im Wegebau.<\/p>\t\t\t\t\t\t\t\t<\/div>\n\t\t\t\t<\/div>\n\t\t\t\t\t<\/div>\n\t\t\t\t<\/div>\n\t\t\t\t<\/div>\n\t\t\t\t<\/div>\n\t\t<div class=\"elementor-element elementor-element-1f38ac1 e-grid e-con-boxed e-con e-parent\" data-id=\"1f38ac1\" data-element_type=\"container\" data-e-type=\"container\" data-settings=\"{&quot;background_background&quot;:&quot;classic&quot;}\">\n\t\t\t\t\t<div class=\"e-con-inner\">\n\t\t<a class=\"elementor-element elementor-element-6d1c0be e-con-full e-flex e-con e-child\" data-id=\"6d1c0be\" data-element_type=\"container\" data-e-type=\"container\" data-settings=\"{&quot;background_background&quot;:&quot;classic&quot;,&quot;background_motion_fx_motion_fx_scrolling&quot;:&quot;yes&quot;,&quot;background_motion_fx_devices&quot;:[&quot;desktop&quot;,&quot;tablet&quot;,&quot;mobile&quot;]}\" href=\"https:\/\/pthproducts.com\/grader\/grader-front\/\">\n\t\t\t\t<div class=\"elementor-element elementor-element-4c63240 elementor-widget elementor-widget-text-editor\" data-id=\"4c63240\" data-element_type=\"widget\" data-e-type=\"widget\" data-widget_type=\"text-editor.default\">\n\t\t\t\t<div class=\"elementor-widget-container\">\n\t\t\t\t\t\t\t\t\t<h2>Grader Front<\/h2><p>Frontanbau<br \/>an Traktoren, Radlader, &#8230;<\/p>\t\t\t\t\t\t\t\t<\/div>\n\t\t\t\t<\/div>\n\t\t\t\t<\/a>\n\t\t<a class=\"elementor-element elementor-element-cbed151 e-con-full e-flex e-con e-child\" data-id=\"cbed151\" data-element_type=\"container\" data-e-type=\"container\" data-settings=\"{&quot;background_background&quot;:&quot;classic&quot;,&quot;background_motion_fx_motion_fx_scrolling&quot;:&quot;yes&quot;,&quot;background_motion_fx_devices&quot;:[&quot;desktop&quot;,&quot;tablet&quot;,&quot;mobile&quot;]}\" href=\"https:\/\/pthproducts.com\/grader\/grader-heck\/\">\n\t\t\t\t<div class=\"elementor-element elementor-element-4afea35 elementor-widget elementor-widget-text-editor\" data-id=\"4afea35\" data-element_type=\"widget\" data-e-type=\"widget\" data-widget_type=\"text-editor.default\">\n\t\t\t\t<div class=\"elementor-widget-container\">\n\t\t\t\t\t\t\t\t\t<h2>Grader Heck<\/h2><p>Heckanbau<br \/>an Traktoren,\u00a0 &#8230;<\/p>\t\t\t\t\t\t\t\t<\/div>\n\t\t\t\t<\/div>\n\t\t\t\t<\/a>\n\t\t\t\t\t<\/div>\n\t\t\t\t<\/div>\n\t\t\t\t<\/div>\n\t\t","protected":false},"excerpt":{"rendered":"<p>PTH Grader im Front- und Heckanbau PTH Grader sind Anbauger\u00e4te f\u00fcr den Bau, die Pflege und Sanierung von Stra\u00dfen &amp; Wegen, Fl\u00e4chen, &#8230;Sie dienen zum Herstellen eines exakten Stra\u00dfen- und Wegeprofils bzw. Angleichen und Nivellieren von Fl\u00e4chen. PTH Grader zeichnen sich durch hohe Flexibilit\u00e4t,\u00a0 Wendigkeit und exakte Ergebnisse aus.\u00a0\u00a0 \u00a0Je nach Tr\u00e4gerger\u00e4t sind PTH Grader [&hellip;]<\/p>\n","protected":false},"author":5,"featured_media":8081,"parent":0,"menu_order":0,"comment_status":"closed","ping_status":"closed","template":"","meta":{"_seopress_robots_primary_cat":"","_seopress_titles_title":"PTH Grader \u2013 Front- und Heckgrader f\u00fcr Wege- & Stra\u00dfenbau","_seopress_titles_desc":"PTH Grader f\u00fcr Front- und Heckanbau: pr\u00e4zise Planie, Wege- und Stra\u00dfensanierung, Alm- und Forstwege. Vollhydraulische Steuerung und hohe Wendigkeit f\u00fcr starke Ergebnisse.","_seopress_robots_index":"","footnotes":""},"class_list":["post-9222","page","type-page","status-publish","has-post-thumbnail","hentry"],"_links":{"self":[{"href":"https:\/\/pthproducts.com\/fr\/wp-json\/wp\/v2\/pages\/9222","targetHints":{"allow":["GET"]}}],"collection":[{"href":"https:\/\/pthproducts.com\/fr\/wp-json\/wp\/v2\/pages"}],"about":[{"href":"https:\/\/pthproducts.com\/fr\/wp-json\/wp\/v2\/types\/page"}],"author":[{"embeddable":true,"href":"https:\/\/pthproducts.com\/fr\/wp-json\/wp\/v2\/users\/5"}],"replies":[{"embeddable":true,"href":"https:\/\/pthproducts.com\/fr\/wp-json\/wp\/v2\/comments?post=9222"}],"version-history":[{"count":67,"href":"https:\/\/pthproducts.com\/fr\/wp-json\/wp\/v2\/pages\/9222\/revisions"}],"predecessor-version":[{"id":10911,"href":"https:\/\/pthproducts.com\/fr\/wp-json\/wp\/v2\/pages\/9222\/revisions\/10911"}],"wp:featuredmedia":[{"embeddable":true,"href":"https:\/\/pthproducts.com\/fr\/wp-json\/wp\/v2\/media\/8081"}],"wp:attachment":[{"href":"https:\/\/pthproducts.com\/fr\/wp-json\/wp\/v2\/media?parent=9222"}],"curies":[{"name":"wp","href":"https:\/\/api.w.org\/{rel}","templated":true}]}}