{"id":810,"date":"2023-09-26T13:32:41","date_gmt":"2023-09-26T13:32:41","guid":{"rendered":"https:\/\/pthproducts.com\/?page_id=810"},"modified":"2025-11-13T13:06:47","modified_gmt":"2025-11-13T13:06:47","slug":"impressum","status":"publish","type":"page","link":"https:\/\/pthproducts.com\/en\/imprint\/","title":{"rendered":"Imprint"},"content":{"rendered":"<div style=\"height:100px\" aria-hidden=\"true\" class=\"wp-block-spacer\"><\/div>\n\n\n\n<h2 class=\"wp-block-heading\">Imprint<\/h2>\n\n\n\n<p>Duty to inform according to \u00a75 E-Commerce Act, \u00a714 Business Code, \u00a763 Trade Regulation Act and duty of disclosure according to \u00a725 Media Act.<\/p>\n\n\n\n<h1 class=\"wp-block-heading\"><strong>PTH PRODUCTS MASCHINENBAU GMBH<\/strong><\/h1>\n\n\n\n<p>Lechen 14<br>8692 Neuberg an der M\u00fcrz<br>Austria<\/p>\n\n\n\n<p><strong>Object of the company:<\/strong>&nbsp;Road construction, mechanical engineering<br><strong>VAT number:<\/strong>&nbsp;ATU57105288<br><strong>Company register number:<\/strong>&nbsp;235036t<br><strong>Commercial register court:<\/strong>&nbsp;Leoben<\/p>\n\n\n\n<p><strong>Tel:<\/strong>&nbsp;<a href=\"tel:+43 3857 80530\">+43 (0)3857 \/ 80530<\/a><br><strong>E-Mail:<\/strong>&nbsp;<a href=\"mailto:office@pthproducts.com\">office@pthproducts.com<\/a><\/p>\n\n\n\n<p><strong>Member of:<\/strong>&nbsp;Member of the Styrian Chamber of Commerce \/ Earthworks<br><strong>Professional law:<\/strong>&nbsp;Trade regulations: www.ris.bka.gv.at<\/p>\n\n\n\n<p><strong>Supervisory authority\/trade authority:<\/strong>&nbsp;District administration Bruck-M\u00fcrzzuschlag<br><strong>Job title:<\/strong>&nbsp;Road construction, mechanical engineer<br><strong>Awarding state:<\/strong>&nbsp;Austria<\/p>\n\n\n\n<p><\/p>\n\n\n\n<p><strong>Managing Director<\/strong><br>Jakob Holzer<\/p>\n\n\n\n<p><\/p>\n\n\n\n<h2 class=\"wp-block-heading\" style=\"font-size:16px;font-style:normal;font-weight:400\"><strong>Web design and programming<br><\/strong><a href=\"https:\/\/schierhuber.net\" data-type=\"link\" data-id=\"https:\/\/schierhuber.net\" target=\"_blank\" rel=\"noreferrer noopener\">Stefan Schierhuber<\/a><\/h2>\n\n\n\n<p><strong>3D modeling<br><\/strong>Moritz Andreatta<\/p>\n\n\n\n<p><strong>3D Compression<br><\/strong><a href=\"https:\/\/optimizeglb.com\/\" target=\"_blank\" rel=\"noreferrer noopener\">Antony Adhiban<\/a><\/p>\n\n\n\n<p><strong>Content<br><\/strong>Werner Schallner<\/p>\n\n\n\n<div style=\"height:100px\" aria-hidden=\"true\" class=\"wp-block-spacer\"><\/div>","protected":false},"excerpt":{"rendered":"<p>Impressum Informationspflicht laut \u00a75 E-Commerce Gesetz, \u00a714 Unternehmensgesetzbuch, \u00a763 Gewerbeordnung und Offenlegungspflicht laut \u00a725 Mediengesetz. PTH PRODUCTS MASCHINENBAU GMBH Lechen 148692 Neuberg an der M\u00fcrz\u00d6sterreich Unternehmensgegenstand:&nbsp;Stra\u00dfenbau, MaschinenbauUID-Nummer:&nbsp;ATU57105288Firmenbuchnummer:&nbsp;235036tFirmenbuchgericht:&nbsp;Leoben Tel.:&nbsp;+43 (0)3857 \/ 80530E-Mail:&nbsp;office@pthproducts.com Mitglied bei:&nbsp;Mitglied der Wirtschaftskammer Steiermark \/ ErdbauBerufsrecht:&nbsp;Gewerbeordnung: www.ris.bka.gv.at Aufsichtsbeh\u00f6rde\/Gewerbebeh\u00f6rde:&nbsp;Bezirkshauptmannschaft Bruck-M\u00fcrzzuschlagBerufsbezeichnung:&nbsp;Stra\u00dfenbau, MaschinenbaurVerleihungsstaat:&nbsp;\u00d6sterreich Gesch\u00e4ftsf\u00fchrerJakob Holzer Webdesign und ProgrammierungStefan Schierhuber 3D ModellierungMoritz Andreatta 3D CompressionAntony Adhiban ContentWerner [&hellip;]<\/p>\n","protected":false},"author":1,"featured_media":0,"parent":0,"menu_order":0,"comment_status":"closed","ping_status":"closed","template":"","meta":{"_seopress_robots_primary_cat":"","_seopress_titles_title":"","_seopress_titles_desc":"","_seopress_robots_index":"yes","footnotes":""},"class_list":["post-810","page","type-page","status-publish","hentry"],"_links":{"self":[{"href":"https:\/\/pthproducts.com\/en\/wp-json\/wp\/v2\/pages\/810","targetHints":{"allow":["GET"]}}],"collection":[{"href":"https:\/\/pthproducts.com\/en\/wp-json\/wp\/v2\/pages"}],"about":[{"href":"https:\/\/pthproducts.com\/en\/wp-json\/wp\/v2\/types\/page"}],"author":[{"embeddable":true,"href":"https:\/\/pthproducts.com\/en\/wp-json\/wp\/v2\/users\/1"}],"replies":[{"embeddable":true,"href":"https:\/\/pthproducts.com\/en\/wp-json\/wp\/v2\/comments?post=810"}],"version-history":[{"count":0,"href":"https:\/\/pthproducts.com\/en\/wp-json\/wp\/v2\/pages\/810\/revisions"}],"wp:attachment":[{"href":"https:\/\/pthproducts.com\/en\/wp-json\/wp\/v2\/media?parent=810"}],"curies":[{"name":"wp","href":"https:\/\/api.w.org\/{rel}","templated":true}]}}